{"id":78,"date":"2017-12-12T11:24:21","date_gmt":"2017-12-12T15:24:21","guid":{"rendered":"http:\/\/ayuntamiento.guineo\/transparencia\/?page_id=78"},"modified":"2025-05-09T19:22:52","modified_gmt":"2025-05-09T23:22:52","slug":"definicion-oaim-oficina-de-acceso-a-la-informacion-municipal","status":"publish","type":"page","link":"https:\/\/juntadistritalsabanacruz.gob.do\/transparencia\/definicion-oaim-oficina-de-acceso-a-la-informacion-municipal\/","title":{"rendered":"Definici\u00f3n OAIM (Oficina de Acceso a la Informaci\u00f3n Municipal)"},"content":{"rendered":"\n<p><em>La Oficina de Acceso a la Informaci\u00f3n (OAI), es un mandato de la Ley General de Libre Acceso a la Informaci\u00f3n P\u00fablica Ley 200-04 y el Decreto No. 130-05 que crea el reglamento de dicha ley, con el objetivo de apoyar a entidades y personas tanto p\u00fablicas como privadas mediante las informaciones solicitadas.<\/em><\/p>\n<div class=\"row\">\n<div class=\"col-12 col-md border-right\">\n<h3 class=\"text-info\">Visi\u00f3n<\/h3>\n<p class=\"text-secondary\">Dar sost\u00e9n a los valores de honestidad, integridad, eficiencia, eficacia, calidad y trabajo en equipo de la Instituci\u00f3n. Apoyando as\u00ed los esfuerzos de transparencia institucional.<\/p>\n<\/div>\n<div class=\"col-12 col-md\">\n<h3 class=\"text-info\">Misi\u00f3n<\/h3>\n<p class=\"text-secondary\">Garantizar el acceso de los usuarios a la informaci\u00f3n publica como una forma de validar la transparencia de la instituci\u00f3n.<\/p>\n<\/div>\n<\/div>\n<p>\u00a0<\/p>\n<div class=\"card mb-4 mb-lg-5\">\n<div class=\"card-body\">\n<h3 class=\"text-info\">Definici\u00f3n RAI<\/h3>\n<p class=\"text-secondary mb-0\">El representante de Acceso a la Informaci\u00f3n, es el responsable de\u00a0 \u00a0facilitar las informaciones requeridas, y ser el canal de comunicaci\u00f3n entre la instituci\u00f3n y los\u00a0 ciudadanos y ciudadanas.<\/p>\n<\/div>\n<\/div>\n","protected":false},"excerpt":{"rendered":"La Oficina de Acceso a la Informaci\u00f3n (OAI), es un mandato de la Ley General de Libre Acceso a la Informaci\u00f3n P\u00fablica Ley 200-04 y el Decreto No. 130-05 que crea el reglamento de dicha ley, con el objetivo de apoyar a entidades y personas tanto p\u00fablicas como privadas mediante las informaciones solicitadas. Visi\u00f3n Dar&#8230;","protected":false},"author":1,"featured_media":0,"parent":0,"menu_order":0,"comment_status":"closed","ping_status":"closed","template":"","meta":[],"acf":[],"_links":{"self":[{"href":"https:\/\/juntadistritalsabanacruz.gob.do\/transparencia\/wp-json\/wp\/v2\/pages\/78"}],"collection":[{"href":"https:\/\/juntadistritalsabanacruz.gob.do\/transparencia\/wp-json\/wp\/v2\/pages"}],"about":[{"href":"https:\/\/juntadistritalsabanacruz.gob.do\/transparencia\/wp-json\/wp\/v2\/types\/page"}],"author":[{"embeddable":true,"href":"https:\/\/juntadistritalsabanacruz.gob.do\/transparencia\/wp-json\/wp\/v2\/users\/1"}],"replies":[{"embeddable":true,"href":"https:\/\/juntadistritalsabanacruz.gob.do\/transparencia\/wp-json\/wp\/v2\/comments?post=78"}],"version-history":[{"count":5,"href":"https:\/\/juntadistritalsabanacruz.gob.do\/transparencia\/wp-json\/wp\/v2\/pages\/78\/revisions"}],"predecessor-version":[{"id":765,"href":"https:\/\/juntadistritalsabanacruz.gob.do\/transparencia\/wp-json\/wp\/v2\/pages\/78\/revisions\/765"}],"wp:attachment":[{"href":"https:\/\/juntadistritalsabanacruz.gob.do\/transparencia\/wp-json\/wp\/v2\/media?parent=78"}],"curies":[{"name":"wp","href":"https:\/\/api.w.org\/{rel}","templated":true}]}}